{"id":9,"date":"2018-05-06T08:28:40","date_gmt":"2018-05-06T06:28:40","guid":{"rendered":"http:\/\/wansart.wf\/?page_id=9"},"modified":"2024-07-03T15:35:56","modified_gmt":"2024-07-03T13:35:56","slug":"a-propos-de","status":"publish","type":"page","link":"https:\/\/wansart.wf\/?page_id=9","title":{"rendered":"\u00c0 propos de"},"content":{"rendered":"<p>Notre premier camping-car nous a conduit dans des endroits merveilleux en France, Espagne, Portugal, Italie et Sicile.<\/p>\n<p>Tr\u00e8s bien \u00e9quip\u00e9, il manquait cependant d\u2019un peu d&rsquo;espace de vie pour les soir\u00e9es plus fra\u00eeches. Nous l&rsquo;avons remplac\u00e9 par un int\u00e9gral poids-lourd correspondant mieux \u00e0 notre volont\u00e9 de totale autonomie pour que nous puissions aller partout et bivouaquer en pleine nature.<\/p>\n<div id='gallery-1' class='gallery galleryid-9 gallery-columns-2 gallery-size-medium'><figure class='gallery-item'>\n\t\t\t<div class='gallery-icon landscape'>\n\t\t\t\t<a href='https:\/\/wansart.wf\/wp-content\/uploads\/2018\/05\/3526EC7D-5C31-4109-B755-8054E7334755.jpeg'><img loading=\"lazy\" decoding=\"async\" width=\"300\" height=\"225\" src=\"https:\/\/wansart.wf\/wp-content\/uploads\/2018\/05\/3526EC7D-5C31-4109-B755-8054E7334755-300x225.jpeg\" class=\"attachment-medium size-medium\" alt=\"\" aria-describedby=\"gallery-1-205\" srcset=\"https:\/\/wansart.wf\/wp-content\/uploads\/2018\/05\/3526EC7D-5C31-4109-B755-8054E7334755-300x225.jpeg 300w, https:\/\/wansart.wf\/wp-content\/uploads\/2018\/05\/3526EC7D-5C31-4109-B755-8054E7334755-768x576.jpeg 768w, https:\/\/wansart.wf\/wp-content\/uploads\/2018\/05\/3526EC7D-5C31-4109-B755-8054E7334755-1024x768.jpeg 1024w, https:\/\/wansart.wf\/wp-content\/uploads\/2018\/05\/3526EC7D-5C31-4109-B755-8054E7334755.jpeg 2048w\" sizes=\"auto, 100vw\" \/><\/a>\n\t\t\t<\/div>\n\t\t\t\t<figcaption class='wp-caption-text gallery-caption' id='gallery-1-205'>\n\t\t\t\tBiscarosse\n\t\t\t\t<\/figcaption><\/figure><figure class='gallery-item'>\n\t\t\t<div class='gallery-icon landscape'>\n\t\t\t\t<a href='https:\/\/wansart.wf\/wp-content\/uploads\/2018\/05\/78F4C714-57C0-4A8A-A0FE-A60BC13DA2C8.jpeg'><img loading=\"lazy\" decoding=\"async\" width=\"300\" height=\"199\" src=\"https:\/\/wansart.wf\/wp-content\/uploads\/2018\/05\/78F4C714-57C0-4A8A-A0FE-A60BC13DA2C8-300x199.jpeg\" class=\"attachment-medium size-medium\" alt=\"\" srcset=\"https:\/\/wansart.wf\/wp-content\/uploads\/2018\/05\/78F4C714-57C0-4A8A-A0FE-A60BC13DA2C8-300x199.jpeg 300w, https:\/\/wansart.wf\/wp-content\/uploads\/2018\/05\/78F4C714-57C0-4A8A-A0FE-A60BC13DA2C8-768x510.jpeg 768w, https:\/\/wansart.wf\/wp-content\/uploads\/2018\/05\/78F4C714-57C0-4A8A-A0FE-A60BC13DA2C8-1024x680.jpeg 1024w\" sizes=\"auto, 100vw\" \/><\/a>\n\t\t\t<\/div><\/figure><figure class='gallery-item'>\n\t\t\t<div class='gallery-icon landscape'>\n\t\t\t\t<a href='https:\/\/wansart.wf\/wp-content\/uploads\/2018\/05\/DFE51947-88A9-4970-A0E7-D81189310BF9.jpeg'><img loading=\"lazy\" decoding=\"async\" width=\"300\" height=\"199\" src=\"https:\/\/wansart.wf\/wp-content\/uploads\/2018\/05\/DFE51947-88A9-4970-A0E7-D81189310BF9-300x199.jpeg\" class=\"attachment-medium size-medium\" alt=\"\" srcset=\"https:\/\/wansart.wf\/wp-content\/uploads\/2018\/05\/DFE51947-88A9-4970-A0E7-D81189310BF9-300x199.jpeg 300w, https:\/\/wansart.wf\/wp-content\/uploads\/2018\/05\/DFE51947-88A9-4970-A0E7-D81189310BF9-768x510.jpeg 768w, https:\/\/wansart.wf\/wp-content\/uploads\/2018\/05\/DFE51947-88A9-4970-A0E7-D81189310BF9-1024x680.jpeg 1024w\" sizes=\"auto, 100vw\" \/><\/a>\n\t\t\t<\/div><\/figure><figure class='gallery-item'>\n\t\t\t<div class='gallery-icon landscape'>\n\t\t\t\t<a href='https:\/\/wansart.wf\/wp-content\/uploads\/2018\/05\/0B4F2D55-E6F1-409D-A325-99C59186BFF5.jpeg'><img loading=\"lazy\" decoding=\"async\" width=\"300\" height=\"199\" src=\"https:\/\/wansart.wf\/wp-content\/uploads\/2018\/05\/0B4F2D55-E6F1-409D-A325-99C59186BFF5-300x199.jpeg\" class=\"attachment-medium size-medium\" alt=\"\" srcset=\"https:\/\/wansart.wf\/wp-content\/uploads\/2018\/05\/0B4F2D55-E6F1-409D-A325-99C59186BFF5-300x199.jpeg 300w, https:\/\/wansart.wf\/wp-content\/uploads\/2018\/05\/0B4F2D55-E6F1-409D-A325-99C59186BFF5-768x510.jpeg 768w, https:\/\/wansart.wf\/wp-content\/uploads\/2018\/05\/0B4F2D55-E6F1-409D-A325-99C59186BFF5-1024x680.jpeg 1024w\" sizes=\"auto, 100vw\" \/><\/a>\n\t\t\t<\/div><\/figure><figure class='gallery-item'>\n\t\t\t<div class='gallery-icon landscape'>\n\t\t\t\t<a href='https:\/\/wansart.wf\/wp-content\/uploads\/2018\/05\/34857453-23AF-449D-97EE-E2B8272333D8.jpeg'><img loading=\"lazy\" decoding=\"async\" width=\"300\" height=\"225\" src=\"https:\/\/wansart.wf\/wp-content\/uploads\/2018\/05\/34857453-23AF-449D-97EE-E2B8272333D8-300x225.jpeg\" class=\"attachment-medium size-medium\" alt=\"\" srcset=\"https:\/\/wansart.wf\/wp-content\/uploads\/2018\/05\/34857453-23AF-449D-97EE-E2B8272333D8-300x225.jpeg 300w, https:\/\/wansart.wf\/wp-content\/uploads\/2018\/05\/34857453-23AF-449D-97EE-E2B8272333D8-768x576.jpeg 768w, https:\/\/wansart.wf\/wp-content\/uploads\/2018\/05\/34857453-23AF-449D-97EE-E2B8272333D8-1024x768.jpeg 1024w, https:\/\/wansart.wf\/wp-content\/uploads\/2018\/05\/34857453-23AF-449D-97EE-E2B8272333D8.jpeg 2048w\" sizes=\"auto, 100vw\" \/><\/a>\n\t\t\t<\/div><\/figure><figure class='gallery-item'>\n\t\t\t<div class='gallery-icon landscape'>\n\t\t\t\t<a href='https:\/\/wansart.wf\/wp-content\/uploads\/2018\/05\/E1CDF7B0-15F3-4842-B318-758E940EC14E.jpeg'><img loading=\"lazy\" decoding=\"async\" width=\"300\" height=\"225\" src=\"https:\/\/wansart.wf\/wp-content\/uploads\/2018\/05\/E1CDF7B0-15F3-4842-B318-758E940EC14E-300x225.jpeg\" class=\"attachment-medium size-medium\" alt=\"\" srcset=\"https:\/\/wansart.wf\/wp-content\/uploads\/2018\/05\/E1CDF7B0-15F3-4842-B318-758E940EC14E-300x225.jpeg 300w, https:\/\/wansart.wf\/wp-content\/uploads\/2018\/05\/E1CDF7B0-15F3-4842-B318-758E940EC14E-768x576.jpeg 768w, https:\/\/wansart.wf\/wp-content\/uploads\/2018\/05\/E1CDF7B0-15F3-4842-B318-758E940EC14E-1024x768.jpeg 1024w, https:\/\/wansart.wf\/wp-content\/uploads\/2018\/05\/E1CDF7B0-15F3-4842-B318-758E940EC14E.jpeg 2048w\" sizes=\"auto, 100vw\" \/><\/a>\n\t\t\t<\/div><\/figure><figure class='gallery-item'>\n\t\t\t<div class='gallery-icon landscape'>\n\t\t\t\t<a href='https:\/\/wansart.wf\/wp-content\/uploads\/2018\/05\/6B045F19-B16C-4065-BD32-7D0285FB7BDF.jpeg'><img loading=\"lazy\" decoding=\"async\" width=\"300\" height=\"196\" src=\"https:\/\/wansart.wf\/wp-content\/uploads\/2018\/05\/6B045F19-B16C-4065-BD32-7D0285FB7BDF-300x196.jpeg\" class=\"attachment-medium size-medium\" alt=\"\" srcset=\"https:\/\/wansart.wf\/wp-content\/uploads\/2018\/05\/6B045F19-B16C-4065-BD32-7D0285FB7BDF-300x196.jpeg 300w, https:\/\/wansart.wf\/wp-content\/uploads\/2018\/05\/6B045F19-B16C-4065-BD32-7D0285FB7BDF-768x503.jpeg 768w, https:\/\/wansart.wf\/wp-content\/uploads\/2018\/05\/6B045F19-B16C-4065-BD32-7D0285FB7BDF-1024x670.jpeg 1024w, https:\/\/wansart.wf\/wp-content\/uploads\/2018\/05\/6B045F19-B16C-4065-BD32-7D0285FB7BDF.jpeg 1615w\" sizes=\"auto, 100vw\" \/><\/a>\n\t\t\t<\/div><\/figure><figure class='gallery-item'>\n\t\t\t<div class='gallery-icon landscape'>\n\t\t\t\t<a href='https:\/\/wansart.wf\/wp-content\/uploads\/2018\/05\/8500FA01-E90A-496C-B138-5F9CE18CB174.jpeg'><img loading=\"lazy\" decoding=\"async\" width=\"300\" height=\"267\" src=\"https:\/\/wansart.wf\/wp-content\/uploads\/2018\/05\/8500FA01-E90A-496C-B138-5F9CE18CB174-300x267.jpeg\" class=\"attachment-medium size-medium\" alt=\"\" aria-describedby=\"gallery-1-251\" srcset=\"https:\/\/wansart.wf\/wp-content\/uploads\/2018\/05\/8500FA01-E90A-496C-B138-5F9CE18CB174-300x267.jpeg 300w, https:\/\/wansart.wf\/wp-content\/uploads\/2018\/05\/8500FA01-E90A-496C-B138-5F9CE18CB174-768x683.jpeg 768w, https:\/\/wansart.wf\/wp-content\/uploads\/2018\/05\/8500FA01-E90A-496C-B138-5F9CE18CB174-1024x910.jpeg 1024w, https:\/\/wansart.wf\/wp-content\/uploads\/2018\/05\/8500FA01-E90A-496C-B138-5F9CE18CB174.jpeg 1881w\" sizes=\"auto, 100vw\" \/><\/a>\n\t\t\t<\/div>\n\t\t\t\t<figcaption class='wp-caption-text gallery-caption' id='gallery-1-251'>\n\t\t\t\tPremi\u00e8re sortie\n\t\t\t\t<\/figcaption><\/figure>\n\t\t<\/div>\n\n","protected":false},"excerpt":{"rendered":"<p>Notre premier camping-car nous a conduit dans des endroits merveilleux en France, Espagne, Portugal, Italie et Sicile. Tr\u00e8s bien \u00e9quip\u00e9, il manquait cependant d\u2019un peu d&rsquo;espace de vie pour les soir\u00e9es plus fra\u00eeches. Nous l&rsquo;avons remplac\u00e9 par un int\u00e9gral poids-lourd correspondant mieux \u00e0 notre volont\u00e9 de totale autonomie pour que nous puissions aller partout et &hellip; <\/p>\n<p class=\"link-more\"><a href=\"https:\/\/wansart.wf\/?page_id=9\" class=\"more-link\">Continuer la lecture<span class=\"screen-reader-text\"> de &laquo;&nbsp;\u00c0 propos de&nbsp;&raquo;<\/span><\/a><\/p>\n","protected":false},"author":1,"featured_media":46,"parent":0,"menu_order":0,"comment_status":"closed","ping_status":"closed","template":"","meta":{"footnotes":""},"class_list":["post-9","page","type-page","status-publish","has-post-thumbnail","hentry"],"aioseo_notices":[],"_links":{"self":[{"href":"https:\/\/wansart.wf\/index.php?rest_route=\/wp\/v2\/pages\/9","targetHints":{"allow":["GET"]}}],"collection":[{"href":"https:\/\/wansart.wf\/index.php?rest_route=\/wp\/v2\/pages"}],"about":[{"href":"https:\/\/wansart.wf\/index.php?rest_route=\/wp\/v2\/types\/page"}],"author":[{"embeddable":true,"href":"https:\/\/wansart.wf\/index.php?rest_route=\/wp\/v2\/users\/1"}],"replies":[{"embeddable":true,"href":"https:\/\/wansart.wf\/index.php?rest_route=%2Fwp%2Fv2%2Fcomments&post=9"}],"version-history":[{"count":11,"href":"https:\/\/wansart.wf\/index.php?rest_route=\/wp\/v2\/pages\/9\/revisions"}],"predecessor-version":[{"id":10436,"href":"https:\/\/wansart.wf\/index.php?rest_route=\/wp\/v2\/pages\/9\/revisions\/10436"}],"wp:featuredmedia":[{"embeddable":true,"href":"https:\/\/wansart.wf\/index.php?rest_route=\/wp\/v2\/media\/46"}],"wp:attachment":[{"href":"https:\/\/wansart.wf\/index.php?rest_route=%2Fwp%2Fv2%2Fmedia&parent=9"}],"curies":[{"name":"wp","href":"https:\/\/api.w.org\/{rel}","templated":true}]}}